{"id":1069,"date":"2024-02-07T13:13:41","date_gmt":"2024-02-07T16:13:41","guid":{"rendered":"https:\/\/sitedev.al.ma.leg.br\/sitealema\/?page_id=1069"},"modified":"2025-05-23T16:00:59","modified_gmt":"2025-05-23T19:00:59","slug":"comissao-de-turismo-e-cultura","status":"publish","type":"page","link":"https:\/\/www.al.ma.leg.br\/sitealema\/comissoes\/comissao-de-turismo-e-cultura\/","title":{"rendered":"Comiss\u00e3o de Turismo e Cultura"},"content":{"rendered":"\n<p><strong>Titulares<\/strong><\/p>\n\n\n\n<p>Dep. Dr. Ygl\u00e9sio (PRTB) &#8211; Presidente<\/p>\n\n\n\n<p>Dep. Catul\u00e9 J\u00fanior (PP) &#8211; Vice-presidente<\/p>\n\n\n\n<p>Dep. Ana do G\u00e1s (PCdoB)<\/p>\n\n\n\n<p>Dep. Carlos Lula (PSB)<\/p>\n\n\n\n<p>Dep. Dra. Vivianne (PDT)<\/p>\n\n\n\n<p>Dep. Par\u00e1 Figueiredo (PL)<\/p>\n\n\n\n<p>Dep. Wellington do Curso (Novo)<\/p>\n\n\n\n<p><\/p>\n\n\n\n<p><strong>Suplentes<\/strong><\/p>\n\n\n\n<p>Dep. Rodrigo Lago (PCdoB)<\/p>\n\n\n\n<p>Dep. Francisco Nagib (PSB)<\/p>\n\n\n\n<p>Dep. Ariston (PSB)<\/p>\n\n\n\n<p>Dep. Flor\u00eancio Neto (PSB)<\/p>\n\n\n\n<p>Dep. Leandro Bello (Podemos)<\/p>\n\n\n\n<p>Dep. Solange Almeida (PL)<\/p>\n\n\n\n<p>Dep. Kek\u00ea Teixeira (MDB)<\/p>\n\n\n\n<p><\/p>\n\n\n\n<p><\/p>\n\n\n\n<p><\/p>\n","protected":false},"excerpt":{"rendered":"<p>Titulares Dep. Dr. Ygl\u00e9sio (PRTB) &#8211; Presidente Dep. Catul\u00e9 J\u00fanior (PP) &#8211; Vice-presidente Dep. Ana do G\u00e1s (PCdoB) Dep. Carlos Lula (PSB) Dep. Dra. Vivianne (PDT) Dep. Par\u00e1 Figueiredo (PL) Dep. Wellington do Curso (Novo) Suplentes Dep. Rodrigo Lago (PCdoB) Dep. Francisco Nagib (PSB) Dep. Ariston (PSB) Dep. Flor\u00eancio Neto (PSB) Dep. Leandro Bello (Podemos) [&hellip;]<\/p>\n","protected":false},"author":1,"featured_media":0,"parent":854,"menu_order":0,"comment_status":"closed","ping_status":"closed","template":"","meta":{"_acf_changed":false,"footnotes":""},"class_list":["post-1069","page","type-page","status-publish","hentry"],"acf":[],"_links":{"self":[{"href":"https:\/\/www.al.ma.leg.br\/sitealema\/wp-json\/wp\/v2\/pages\/1069","targetHints":{"allow":["GET"]}}],"collection":[{"href":"https:\/\/www.al.ma.leg.br\/sitealema\/wp-json\/wp\/v2\/pages"}],"about":[{"href":"https:\/\/www.al.ma.leg.br\/sitealema\/wp-json\/wp\/v2\/types\/page"}],"author":[{"embeddable":true,"href":"https:\/\/www.al.ma.leg.br\/sitealema\/wp-json\/wp\/v2\/users\/1"}],"replies":[{"embeddable":true,"href":"https:\/\/www.al.ma.leg.br\/sitealema\/wp-json\/wp\/v2\/comments?post=1069"}],"version-history":[{"count":14,"href":"https:\/\/www.al.ma.leg.br\/sitealema\/wp-json\/wp\/v2\/pages\/1069\/revisions"}],"predecessor-version":[{"id":59875,"href":"https:\/\/www.al.ma.leg.br\/sitealema\/wp-json\/wp\/v2\/pages\/1069\/revisions\/59875"}],"up":[{"embeddable":true,"href":"https:\/\/www.al.ma.leg.br\/sitealema\/wp-json\/wp\/v2\/pages\/854"}],"wp:attachment":[{"href":"https:\/\/www.al.ma.leg.br\/sitealema\/wp-json\/wp\/v2\/media?parent=1069"}],"curies":[{"name":"wp","href":"https:\/\/api.w.org\/{rel}","templated":true}]}}