{"id":73360,"date":"2025-09-11T15:57:31","date_gmt":"2025-09-11T18:57:31","guid":{"rendered":"https:\/\/www.al.ma.leg.br\/sitealema\/?page_id=73360"},"modified":"2025-09-12T10:39:19","modified_gmt":"2025-09-12T13:39:19","slug":"acessibilidade","status":"publish","type":"page","link":"https:\/\/www.al.ma.leg.br\/sitealema\/memorial\/acessibilidade\/","title":{"rendered":"Acessibilidade"},"content":{"rendered":"\n<p>Desde a inaugura\u00e7\u00e3o, o Memorial Zuleide B\u00f3gea tem trabalhado para garantir que todas as pessoas, independentemente de suas diversidades f\u00edsicas, sensoriais ou cognitivas, possam usufruir da institui\u00e7\u00e3o de maneira plena. Nesse sentindo dispomos de:<\/p>\n\n\n\n<ul class=\"wp-block-list\">\n<li><strong>Listagem em braile e em fonte ampliada: <\/strong>Rela\u00e7\u00e3o dos itens expostos dispon\u00edvel em formatos acess\u00edveis para pessoas com defici\u00eancia visual ou baixa vis\u00e3o.<\/li>\n\n\n\n<li><strong>Mapa t\u00e1til: <\/strong>Representa\u00e7\u00e3o em relevo do espa\u00e7o expositivo, permitindo a orienta\u00e7\u00e3o espacial por meio do tato.<\/li>\n\n\n\n<li><strong>Piso t\u00e1til direcional e de alerta:<\/strong> Faixas no ch\u00e3o que auxiliam na locomo\u00e7\u00e3o segura de pessoas com defici\u00eancia visual, sinalizando caminhos e mudan\u00e7as de dire\u00e7\u00e3o ou aten\u00e7\u00e3o.<\/li>\n\n\n\n<li><strong>Placas informativas t\u00e1teis: <\/strong>Pain\u00e9is com informa\u00e7\u00f5es em braile e alto-relevo, facilitando o acesso ao conte\u00fado por pessoas cegas ou com baixa vis\u00e3o.<\/li>\n\n\n\n<li><strong>Audiodescri\u00e7\u00e3o: <\/strong>Recursos sonoros que descrevem elementos visuais do espa\u00e7o e das exposi\u00e7\u00f5es, voltados para pessoas com defici\u00eancia visual.<\/li>\n\n\n\n<li><strong>Expositores acess\u00edveis: <\/strong>Mobili\u00e1rio com altura e disposi\u00e7\u00e3o adequadas para garantir o alcance e a visualiza\u00e7\u00e3o por pessoas com defici\u00eancia f\u00edsica ou mobilidade reduzida.<\/li>\n<\/ul>\n\n\n\n<figure class=\"wp-block-gallery has-nested-images columns-default is-cropped wp-block-gallery-1 is-layout-flex wp-block-gallery-is-layout-flex\">\n<figure class=\"wp-block-image size-large\"><img loading=\"lazy\" decoding=\"async\" width=\"1024\" height=\"683\" data-id=\"73364\" src=\"https:\/\/www.al.ma.leg.br\/sitealema\/wp-content\/uploads\/2025\/09\/WhatsApp-Image-2025-08-25-at-12.25.11-PM-2-1024x683-1.jpeg\" alt=\"\" class=\"wp-image-73364\" srcset=\"https:\/\/www.al.ma.leg.br\/sitealema\/wp-content\/uploads\/2025\/09\/WhatsApp-Image-2025-08-25-at-12.25.11-PM-2-1024x683-1.jpeg 1024w, https:\/\/www.al.ma.leg.br\/sitealema\/wp-content\/uploads\/2025\/09\/WhatsApp-Image-2025-08-25-at-12.25.11-PM-2-1024x683-1-300x200.jpeg 300w, https:\/\/www.al.ma.leg.br\/sitealema\/wp-content\/uploads\/2025\/09\/WhatsApp-Image-2025-08-25-at-12.25.11-PM-2-1024x683-1-768x512.jpeg 768w, https:\/\/www.al.ma.leg.br\/sitealema\/wp-content\/uploads\/2025\/09\/WhatsApp-Image-2025-08-25-at-12.25.11-PM-2-1024x683-1-350x233.jpeg 350w\" sizes=\"auto, (max-width: 1024px) 100vw, 1024px\" \/><\/figure>\n\n\n\n<figure class=\"wp-block-image size-large\"><img loading=\"lazy\" decoding=\"async\" width=\"1024\" height=\"683\" data-id=\"73368\" src=\"https:\/\/www.al.ma.leg.br\/sitealema\/wp-content\/uploads\/2025\/09\/WhatsApp-Image-2025-08-25-at-12.25.12-PM-6-1024x683-1.jpeg\" alt=\"\" class=\"wp-image-73368\" srcset=\"https:\/\/www.al.ma.leg.br\/sitealema\/wp-content\/uploads\/2025\/09\/WhatsApp-Image-2025-08-25-at-12.25.12-PM-6-1024x683-1.jpeg 1024w, https:\/\/www.al.ma.leg.br\/sitealema\/wp-content\/uploads\/2025\/09\/WhatsApp-Image-2025-08-25-at-12.25.12-PM-6-1024x683-1-300x200.jpeg 300w, https:\/\/www.al.ma.leg.br\/sitealema\/wp-content\/uploads\/2025\/09\/WhatsApp-Image-2025-08-25-at-12.25.12-PM-6-1024x683-1-768x512.jpeg 768w, https:\/\/www.al.ma.leg.br\/sitealema\/wp-content\/uploads\/2025\/09\/WhatsApp-Image-2025-08-25-at-12.25.12-PM-6-1024x683-1-350x233.jpeg 350w\" sizes=\"auto, (max-width: 1024px) 100vw, 1024px\" \/><\/figure>\n\n\n\n<figure class=\"wp-block-image size-large\"><img loading=\"lazy\" decoding=\"async\" width=\"1024\" height=\"683\" data-id=\"73366\" src=\"https:\/\/www.al.ma.leg.br\/sitealema\/wp-content\/uploads\/2025\/09\/WhatsApp-Image-2025-08-25-at-12.25.12-PM-1-2-1024x683-1.jpeg\" alt=\"\" class=\"wp-image-73366\" srcset=\"https:\/\/www.al.ma.leg.br\/sitealema\/wp-content\/uploads\/2025\/09\/WhatsApp-Image-2025-08-25-at-12.25.12-PM-1-2-1024x683-1.jpeg 1024w, https:\/\/www.al.ma.leg.br\/sitealema\/wp-content\/uploads\/2025\/09\/WhatsApp-Image-2025-08-25-at-12.25.12-PM-1-2-1024x683-1-300x200.jpeg 300w, https:\/\/www.al.ma.leg.br\/sitealema\/wp-content\/uploads\/2025\/09\/WhatsApp-Image-2025-08-25-at-12.25.12-PM-1-2-1024x683-1-768x512.jpeg 768w, https:\/\/www.al.ma.leg.br\/sitealema\/wp-content\/uploads\/2025\/09\/WhatsApp-Image-2025-08-25-at-12.25.12-PM-1-2-1024x683-1-350x233.jpeg 350w\" sizes=\"auto, (max-width: 1024px) 100vw, 1024px\" \/><\/figure>\n\n\n\n<figure class=\"wp-block-image size-large\"><img loading=\"lazy\" decoding=\"async\" width=\"1024\" height=\"683\" data-id=\"73367\" src=\"https:\/\/www.al.ma.leg.br\/sitealema\/wp-content\/uploads\/2025\/09\/WhatsApp-Image-2025-08-25-at-12.25.12-PM-2-2-1024x683-1.jpeg\" alt=\"\" class=\"wp-image-73367\" srcset=\"https:\/\/www.al.ma.leg.br\/sitealema\/wp-content\/uploads\/2025\/09\/WhatsApp-Image-2025-08-25-at-12.25.12-PM-2-2-1024x683-1.jpeg 1024w, https:\/\/www.al.ma.leg.br\/sitealema\/wp-content\/uploads\/2025\/09\/WhatsApp-Image-2025-08-25-at-12.25.12-PM-2-2-1024x683-1-300x200.jpeg 300w, https:\/\/www.al.ma.leg.br\/sitealema\/wp-content\/uploads\/2025\/09\/WhatsApp-Image-2025-08-25-at-12.25.12-PM-2-2-1024x683-1-768x512.jpeg 768w, https:\/\/www.al.ma.leg.br\/sitealema\/wp-content\/uploads\/2025\/09\/WhatsApp-Image-2025-08-25-at-12.25.12-PM-2-2-1024x683-1-350x233.jpeg 350w\" sizes=\"auto, (max-width: 1024px) 100vw, 1024px\" \/><\/figure>\n\n\n\n<figure class=\"wp-block-image size-large\"><img loading=\"lazy\" decoding=\"async\" width=\"1024\" height=\"683\" data-id=\"73363\" src=\"https:\/\/www.al.ma.leg.br\/sitealema\/wp-content\/uploads\/2025\/09\/WhatsApp-Image-2025-08-25-at-12.25.12-PM-3-2-1024x683-1.jpeg\" alt=\"\" class=\"wp-image-73363\" srcset=\"https:\/\/www.al.ma.leg.br\/sitealema\/wp-content\/uploads\/2025\/09\/WhatsApp-Image-2025-08-25-at-12.25.12-PM-3-2-1024x683-1.jpeg 1024w, https:\/\/www.al.ma.leg.br\/sitealema\/wp-content\/uploads\/2025\/09\/WhatsApp-Image-2025-08-25-at-12.25.12-PM-3-2-1024x683-1-300x200.jpeg 300w, https:\/\/www.al.ma.leg.br\/sitealema\/wp-content\/uploads\/2025\/09\/WhatsApp-Image-2025-08-25-at-12.25.12-PM-3-2-1024x683-1-768x512.jpeg 768w, https:\/\/www.al.ma.leg.br\/sitealema\/wp-content\/uploads\/2025\/09\/WhatsApp-Image-2025-08-25-at-12.25.12-PM-3-2-1024x683-1-350x233.jpeg 350w\" sizes=\"auto, (max-width: 1024px) 100vw, 1024px\" \/><\/figure>\n\n\n\n<figure class=\"wp-block-image size-large\"><img loading=\"lazy\" decoding=\"async\" width=\"1024\" height=\"683\" data-id=\"73365\" src=\"https:\/\/www.al.ma.leg.br\/sitealema\/wp-content\/uploads\/2025\/09\/WhatsApp-Image-2025-08-25-at-12.25.12-PM-4-2-1024x683-1.jpeg\" alt=\"\" class=\"wp-image-73365\" srcset=\"https:\/\/www.al.ma.leg.br\/sitealema\/wp-content\/uploads\/2025\/09\/WhatsApp-Image-2025-08-25-at-12.25.12-PM-4-2-1024x683-1.jpeg 1024w, https:\/\/www.al.ma.leg.br\/sitealema\/wp-content\/uploads\/2025\/09\/WhatsApp-Image-2025-08-25-at-12.25.12-PM-4-2-1024x683-1-300x200.jpeg 300w, https:\/\/www.al.ma.leg.br\/sitealema\/wp-content\/uploads\/2025\/09\/WhatsApp-Image-2025-08-25-at-12.25.12-PM-4-2-1024x683-1-768x512.jpeg 768w, https:\/\/www.al.ma.leg.br\/sitealema\/wp-content\/uploads\/2025\/09\/WhatsApp-Image-2025-08-25-at-12.25.12-PM-4-2-1024x683-1-350x233.jpeg 350w\" sizes=\"auto, (max-width: 1024px) 100vw, 1024px\" \/><\/figure>\n\n\n\n<figure class=\"wp-block-image size-large\"><img loading=\"lazy\" decoding=\"async\" width=\"1024\" height=\"683\" data-id=\"73371\" src=\"https:\/\/www.al.ma.leg.br\/sitealema\/wp-content\/uploads\/2025\/09\/WhatsApp-Image-2025-08-25-at-12.25.13-PM-7-1024x683-1.jpeg\" alt=\"\" class=\"wp-image-73371\" srcset=\"https:\/\/www.al.ma.leg.br\/sitealema\/wp-content\/uploads\/2025\/09\/WhatsApp-Image-2025-08-25-at-12.25.13-PM-7-1024x683-1.jpeg 1024w, https:\/\/www.al.ma.leg.br\/sitealema\/wp-content\/uploads\/2025\/09\/WhatsApp-Image-2025-08-25-at-12.25.13-PM-7-1024x683-1-300x200.jpeg 300w, https:\/\/www.al.ma.leg.br\/sitealema\/wp-content\/uploads\/2025\/09\/WhatsApp-Image-2025-08-25-at-12.25.13-PM-7-1024x683-1-768x512.jpeg 768w, https:\/\/www.al.ma.leg.br\/sitealema\/wp-content\/uploads\/2025\/09\/WhatsApp-Image-2025-08-25-at-12.25.13-PM-7-1024x683-1-350x233.jpeg 350w\" sizes=\"auto, (max-width: 1024px) 100vw, 1024px\" \/><\/figure>\n\n\n\n<figure class=\"wp-block-image size-large\"><img loading=\"lazy\" decoding=\"async\" width=\"1024\" height=\"683\" data-id=\"73369\" src=\"https:\/\/www.al.ma.leg.br\/sitealema\/wp-content\/uploads\/2025\/09\/WhatsApp-Image-2025-08-25-at-12.25.13-PM-1-2-1024x683-1.jpeg\" alt=\"\" class=\"wp-image-73369\" srcset=\"https:\/\/www.al.ma.leg.br\/sitealema\/wp-content\/uploads\/2025\/09\/WhatsApp-Image-2025-08-25-at-12.25.13-PM-1-2-1024x683-1.jpeg 1024w, https:\/\/www.al.ma.leg.br\/sitealema\/wp-content\/uploads\/2025\/09\/WhatsApp-Image-2025-08-25-at-12.25.13-PM-1-2-1024x683-1-300x200.jpeg 300w, https:\/\/www.al.ma.leg.br\/sitealema\/wp-content\/uploads\/2025\/09\/WhatsApp-Image-2025-08-25-at-12.25.13-PM-1-2-1024x683-1-768x512.jpeg 768w, https:\/\/www.al.ma.leg.br\/sitealema\/wp-content\/uploads\/2025\/09\/WhatsApp-Image-2025-08-25-at-12.25.13-PM-1-2-1024x683-1-350x233.jpeg 350w\" sizes=\"auto, (max-width: 1024px) 100vw, 1024px\" \/><\/figure>\n\n\n\n<figure class=\"wp-block-image size-large\"><img loading=\"lazy\" decoding=\"async\" width=\"1024\" height=\"683\" data-id=\"73372\" src=\"https:\/\/www.al.ma.leg.br\/sitealema\/wp-content\/uploads\/2025\/09\/WhatsApp-Image-2025-08-25-at-12.25.13-PM-2-2-1024x683-1.jpeg\" alt=\"\" class=\"wp-image-73372\" srcset=\"https:\/\/www.al.ma.leg.br\/sitealema\/wp-content\/uploads\/2025\/09\/WhatsApp-Image-2025-08-25-at-12.25.13-PM-2-2-1024x683-1.jpeg 1024w, https:\/\/www.al.ma.leg.br\/sitealema\/wp-content\/uploads\/2025\/09\/WhatsApp-Image-2025-08-25-at-12.25.13-PM-2-2-1024x683-1-300x200.jpeg 300w, https:\/\/www.al.ma.leg.br\/sitealema\/wp-content\/uploads\/2025\/09\/WhatsApp-Image-2025-08-25-at-12.25.13-PM-2-2-1024x683-1-768x512.jpeg 768w, https:\/\/www.al.ma.leg.br\/sitealema\/wp-content\/uploads\/2025\/09\/WhatsApp-Image-2025-08-25-at-12.25.13-PM-2-2-1024x683-1-350x233.jpeg 350w\" sizes=\"auto, (max-width: 1024px) 100vw, 1024px\" \/><\/figure>\n\n\n\n<figure class=\"wp-block-image size-large\"><img loading=\"lazy\" decoding=\"async\" width=\"1024\" height=\"683\" data-id=\"73370\" src=\"https:\/\/www.al.ma.leg.br\/sitealema\/wp-content\/uploads\/2025\/09\/WhatsApp-Image-2025-08-25-at-12.25.13-PM-3-2-1024x683-1.jpeg\" alt=\"\" class=\"wp-image-73370\" srcset=\"https:\/\/www.al.ma.leg.br\/sitealema\/wp-content\/uploads\/2025\/09\/WhatsApp-Image-2025-08-25-at-12.25.13-PM-3-2-1024x683-1.jpeg 1024w, https:\/\/www.al.ma.leg.br\/sitealema\/wp-content\/uploads\/2025\/09\/WhatsApp-Image-2025-08-25-at-12.25.13-PM-3-2-1024x683-1-300x200.jpeg 300w, https:\/\/www.al.ma.leg.br\/sitealema\/wp-content\/uploads\/2025\/09\/WhatsApp-Image-2025-08-25-at-12.25.13-PM-3-2-1024x683-1-768x512.jpeg 768w, https:\/\/www.al.ma.leg.br\/sitealema\/wp-content\/uploads\/2025\/09\/WhatsApp-Image-2025-08-25-at-12.25.13-PM-3-2-1024x683-1-350x233.jpeg 350w\" sizes=\"auto, (max-width: 1024px) 100vw, 1024px\" \/><\/figure>\n\n\n\n<figure class=\"wp-block-image size-large\"><img loading=\"lazy\" decoding=\"async\" width=\"1024\" height=\"683\" data-id=\"73374\" src=\"https:\/\/www.al.ma.leg.br\/sitealema\/wp-content\/uploads\/2025\/09\/WhatsApp-Image-2025-08-25-at-12.25.13-PM-4-2-1024x683-1.jpeg\" alt=\"\" class=\"wp-image-73374\" srcset=\"https:\/\/www.al.ma.leg.br\/sitealema\/wp-content\/uploads\/2025\/09\/WhatsApp-Image-2025-08-25-at-12.25.13-PM-4-2-1024x683-1.jpeg 1024w, https:\/\/www.al.ma.leg.br\/sitealema\/wp-content\/uploads\/2025\/09\/WhatsApp-Image-2025-08-25-at-12.25.13-PM-4-2-1024x683-1-300x200.jpeg 300w, https:\/\/www.al.ma.leg.br\/sitealema\/wp-content\/uploads\/2025\/09\/WhatsApp-Image-2025-08-25-at-12.25.13-PM-4-2-1024x683-1-768x512.jpeg 768w, https:\/\/www.al.ma.leg.br\/sitealema\/wp-content\/uploads\/2025\/09\/WhatsApp-Image-2025-08-25-at-12.25.13-PM-4-2-1024x683-1-350x233.jpeg 350w\" sizes=\"auto, (max-width: 1024px) 100vw, 1024px\" \/><\/figure>\n\n\n\n<figure class=\"wp-block-image size-large\"><img loading=\"lazy\" decoding=\"async\" width=\"1024\" height=\"683\" data-id=\"73375\" src=\"https:\/\/www.al.ma.leg.br\/sitealema\/wp-content\/uploads\/2025\/09\/WhatsApp-Image-2025-08-25-at-12.25.13-PM-5-2-1024x683-1.jpeg\" alt=\"\" class=\"wp-image-73375\" srcset=\"https:\/\/www.al.ma.leg.br\/sitealema\/wp-content\/uploads\/2025\/09\/WhatsApp-Image-2025-08-25-at-12.25.13-PM-5-2-1024x683-1.jpeg 1024w, https:\/\/www.al.ma.leg.br\/sitealema\/wp-content\/uploads\/2025\/09\/WhatsApp-Image-2025-08-25-at-12.25.13-PM-5-2-1024x683-1-300x200.jpeg 300w, https:\/\/www.al.ma.leg.br\/sitealema\/wp-content\/uploads\/2025\/09\/WhatsApp-Image-2025-08-25-at-12.25.13-PM-5-2-1024x683-1-768x512.jpeg 768w, https:\/\/www.al.ma.leg.br\/sitealema\/wp-content\/uploads\/2025\/09\/WhatsApp-Image-2025-08-25-at-12.25.13-PM-5-2-1024x683-1-350x233.jpeg 350w\" sizes=\"auto, (max-width: 1024px) 100vw, 1024px\" \/><\/figure>\n\n\n\n<figure class=\"wp-block-image size-large\"><img loading=\"lazy\" decoding=\"async\" width=\"1024\" height=\"683\" data-id=\"73376\" src=\"https:\/\/www.al.ma.leg.br\/sitealema\/wp-content\/uploads\/2025\/09\/WhatsApp-Image-2025-08-25-at-12.25.14-PM-6-1024x683-1.jpeg\" alt=\"\" class=\"wp-image-73376\" srcset=\"https:\/\/www.al.ma.leg.br\/sitealema\/wp-content\/uploads\/2025\/09\/WhatsApp-Image-2025-08-25-at-12.25.14-PM-6-1024x683-1.jpeg 1024w, https:\/\/www.al.ma.leg.br\/sitealema\/wp-content\/uploads\/2025\/09\/WhatsApp-Image-2025-08-25-at-12.25.14-PM-6-1024x683-1-300x200.jpeg 300w, https:\/\/www.al.ma.leg.br\/sitealema\/wp-content\/uploads\/2025\/09\/WhatsApp-Image-2025-08-25-at-12.25.14-PM-6-1024x683-1-768x512.jpeg 768w, https:\/\/www.al.ma.leg.br\/sitealema\/wp-content\/uploads\/2025\/09\/WhatsApp-Image-2025-08-25-at-12.25.14-PM-6-1024x683-1-350x233.jpeg 350w\" sizes=\"auto, (max-width: 1024px) 100vw, 1024px\" \/><\/figure>\n\n\n\n<figure class=\"wp-block-image size-large\"><img loading=\"lazy\" decoding=\"async\" width=\"1024\" height=\"683\" data-id=\"73377\" src=\"https:\/\/www.al.ma.leg.br\/sitealema\/wp-content\/uploads\/2025\/09\/WhatsApp-Image-2025-08-25-at-12.25.14-PM-1-2-1024x683-1.jpeg\" alt=\"\" class=\"wp-image-73377\" srcset=\"https:\/\/www.al.ma.leg.br\/sitealema\/wp-content\/uploads\/2025\/09\/WhatsApp-Image-2025-08-25-at-12.25.14-PM-1-2-1024x683-1.jpeg 1024w, https:\/\/www.al.ma.leg.br\/sitealema\/wp-content\/uploads\/2025\/09\/WhatsApp-Image-2025-08-25-at-12.25.14-PM-1-2-1024x683-1-300x200.jpeg 300w, https:\/\/www.al.ma.leg.br\/sitealema\/wp-content\/uploads\/2025\/09\/WhatsApp-Image-2025-08-25-at-12.25.14-PM-1-2-1024x683-1-768x512.jpeg 768w, https:\/\/www.al.ma.leg.br\/sitealema\/wp-content\/uploads\/2025\/09\/WhatsApp-Image-2025-08-25-at-12.25.14-PM-1-2-1024x683-1-350x233.jpeg 350w\" sizes=\"auto, (max-width: 1024px) 100vw, 1024px\" \/><\/figure>\n\n\n\n<figure class=\"wp-block-image size-large\"><img loading=\"lazy\" decoding=\"async\" width=\"1024\" height=\"683\" data-id=\"73378\" src=\"https:\/\/www.al.ma.leg.br\/sitealema\/wp-content\/uploads\/2025\/09\/WhatsApp-Image-2025-08-25-at-12.25.14-PM-2-2-1024x683-1.jpeg\" alt=\"\" class=\"wp-image-73378\" srcset=\"https:\/\/www.al.ma.leg.br\/sitealema\/wp-content\/uploads\/2025\/09\/WhatsApp-Image-2025-08-25-at-12.25.14-PM-2-2-1024x683-1.jpeg 1024w, https:\/\/www.al.ma.leg.br\/sitealema\/wp-content\/uploads\/2025\/09\/WhatsApp-Image-2025-08-25-at-12.25.14-PM-2-2-1024x683-1-300x200.jpeg 300w, https:\/\/www.al.ma.leg.br\/sitealema\/wp-content\/uploads\/2025\/09\/WhatsApp-Image-2025-08-25-at-12.25.14-PM-2-2-1024x683-1-768x512.jpeg 768w, https:\/\/www.al.ma.leg.br\/sitealema\/wp-content\/uploads\/2025\/09\/WhatsApp-Image-2025-08-25-at-12.25.14-PM-2-2-1024x683-1-350x233.jpeg 350w\" sizes=\"auto, (max-width: 1024px) 100vw, 1024px\" \/><\/figure>\n\n\n\n<figure class=\"wp-block-image size-large\"><img loading=\"lazy\" decoding=\"async\" width=\"1024\" height=\"683\" data-id=\"73373\" src=\"https:\/\/www.al.ma.leg.br\/sitealema\/wp-content\/uploads\/2025\/09\/WhatsApp-Image-2025-08-25-at-12.25.14-PM-3-2-1024x683-1.jpeg\" alt=\"\" class=\"wp-image-73373\" srcset=\"https:\/\/www.al.ma.leg.br\/sitealema\/wp-content\/uploads\/2025\/09\/WhatsApp-Image-2025-08-25-at-12.25.14-PM-3-2-1024x683-1.jpeg 1024w, https:\/\/www.al.ma.leg.br\/sitealema\/wp-content\/uploads\/2025\/09\/WhatsApp-Image-2025-08-25-at-12.25.14-PM-3-2-1024x683-1-300x200.jpeg 300w, https:\/\/www.al.ma.leg.br\/sitealema\/wp-content\/uploads\/2025\/09\/WhatsApp-Image-2025-08-25-at-12.25.14-PM-3-2-1024x683-1-768x512.jpeg 768w, https:\/\/www.al.ma.leg.br\/sitealema\/wp-content\/uploads\/2025\/09\/WhatsApp-Image-2025-08-25-at-12.25.14-PM-3-2-1024x683-1-350x233.jpeg 350w\" sizes=\"auto, (max-width: 1024px) 100vw, 1024px\" \/><\/figure>\n\n\n\n<figure class=\"wp-block-image size-large\"><img loading=\"lazy\" decoding=\"async\" width=\"1024\" height=\"683\" data-id=\"73379\" src=\"https:\/\/www.al.ma.leg.br\/sitealema\/wp-content\/uploads\/2025\/09\/WhatsApp-Image-2025-08-25-at-12.25.14-PM-4-2-1024x683-1.jpeg\" alt=\"\" class=\"wp-image-73379\" srcset=\"https:\/\/www.al.ma.leg.br\/sitealema\/wp-content\/uploads\/2025\/09\/WhatsApp-Image-2025-08-25-at-12.25.14-PM-4-2-1024x683-1.jpeg 1024w, https:\/\/www.al.ma.leg.br\/sitealema\/wp-content\/uploads\/2025\/09\/WhatsApp-Image-2025-08-25-at-12.25.14-PM-4-2-1024x683-1-300x200.jpeg 300w, https:\/\/www.al.ma.leg.br\/sitealema\/wp-content\/uploads\/2025\/09\/WhatsApp-Image-2025-08-25-at-12.25.14-PM-4-2-1024x683-1-768x512.jpeg 768w, https:\/\/www.al.ma.leg.br\/sitealema\/wp-content\/uploads\/2025\/09\/WhatsApp-Image-2025-08-25-at-12.25.14-PM-4-2-1024x683-1-350x233.jpeg 350w\" sizes=\"auto, (max-width: 1024px) 100vw, 1024px\" \/><\/figure>\n<\/figure>\n\n\n\n<p><\/p>\n","protected":false},"excerpt":{"rendered":"<p>Desde a inaugura\u00e7\u00e3o, o Memorial Zuleide B\u00f3gea tem trabalhado para garantir que todas as pessoas, independentemente de suas diversidades f\u00edsicas, sensoriais ou cognitivas, possam usufruir da institui\u00e7\u00e3o de maneira plena. Nesse sentindo dispomos de:<\/p>\n","protected":false},"author":24,"featured_media":73362,"parent":73389,"menu_order":0,"comment_status":"closed","ping_status":"closed","template":"pagina-padrao.php","meta":{"_acf_changed":false,"footnotes":""},"class_list":["post-73360","page","type-page","status-publish","has-post-thumbnail","hentry"],"acf":[],"_links":{"self":[{"href":"https:\/\/www.al.ma.leg.br\/sitealema\/wp-json\/wp\/v2\/pages\/73360","targetHints":{"allow":["GET"]}}],"collection":[{"href":"https:\/\/www.al.ma.leg.br\/sitealema\/wp-json\/wp\/v2\/pages"}],"about":[{"href":"https:\/\/www.al.ma.leg.br\/sitealema\/wp-json\/wp\/v2\/types\/page"}],"author":[{"embeddable":true,"href":"https:\/\/www.al.ma.leg.br\/sitealema\/wp-json\/wp\/v2\/users\/24"}],"replies":[{"embeddable":true,"href":"https:\/\/www.al.ma.leg.br\/sitealema\/wp-json\/wp\/v2\/comments?post=73360"}],"version-history":[{"count":4,"href":"https:\/\/www.al.ma.leg.br\/sitealema\/wp-json\/wp\/v2\/pages\/73360\/revisions"}],"predecessor-version":[{"id":73455,"href":"https:\/\/www.al.ma.leg.br\/sitealema\/wp-json\/wp\/v2\/pages\/73360\/revisions\/73455"}],"up":[{"embeddable":true,"href":"https:\/\/www.al.ma.leg.br\/sitealema\/wp-json\/wp\/v2\/pages\/73389"}],"wp:featuredmedia":[{"embeddable":true,"href":"https:\/\/www.al.ma.leg.br\/sitealema\/wp-json\/wp\/v2\/media\/73362"}],"wp:attachment":[{"href":"https:\/\/www.al.ma.leg.br\/sitealema\/wp-json\/wp\/v2\/media?parent=73360"}],"curies":[{"name":"wp","href":"https:\/\/api.w.org\/{rel}","templated":true}]}}