{"id":73407,"date":"2025-09-12T10:40:28","date_gmt":"2025-09-12T13:40:28","guid":{"rendered":"https:\/\/www.al.ma.leg.br\/sitealema\/?page_id=73407"},"modified":"2025-09-12T10:40:28","modified_gmt":"2025-09-12T13:40:28","slug":"exposicoes","status":"publish","type":"page","link":"https:\/\/www.al.ma.leg.br\/sitealema\/memorial\/exposicoes\/","title":{"rendered":"Exposi\u00e7\u00f5es"},"content":{"rendered":"\n<p>Inaugurado em 18 de fevereiro de 2025, o Memorial iniciou com sua 1\u00aa Exposi\u00e7\u00e3o denominada <em>Caminhos da Mem\u00f3ria: a Constru\u00e7\u00e3o do Poder Legislativo Maranhense<\/em>, que objetivou apresentar ao p\u00fablico a trajet\u00f3ria hist\u00f3rica do Legislativo estadual desde sua funda\u00e7\u00e3o. As exposi\u00e7\u00f5es s\u00e3o planejadas para dura\u00e7\u00f5es de 60 a 90 dias e tratam primordialmente da atua\u00e7\u00e3o desde Poder nos v\u00e1rios \u00e2mbitos da sociedade, no passado e no presente.<\/p>\n\n\n\n<p>Visite o Memorial!<\/p>\n","protected":false},"excerpt":{"rendered":"<p>Inaugurado em 18 de fevereiro de 2025, o Memorial iniciou com sua 1\u00aa Exposi\u00e7\u00e3o denominada Caminhos da Mem\u00f3ria: a Constru\u00e7\u00e3o do Poder Legislativo Maranhense, que objetivou apresentar ao p\u00fablico a trajet\u00f3ria hist\u00f3rica do Legislativo estadual desde sua funda\u00e7\u00e3o. As exposi\u00e7\u00f5es s\u00e3o planejadas para dura\u00e7\u00f5es de 60 a 90 dias e tratam primordialmente da atua\u00e7\u00e3o desde [&hellip;]<\/p>\n","protected":false},"author":24,"featured_media":73408,"parent":73389,"menu_order":0,"comment_status":"closed","ping_status":"closed","template":"index-exposicoes.php","meta":{"_acf_changed":false,"footnotes":""},"class_list":["post-73407","page","type-page","status-publish","has-post-thumbnail","hentry"],"acf":[],"_links":{"self":[{"href":"https:\/\/www.al.ma.leg.br\/sitealema\/wp-json\/wp\/v2\/pages\/73407","targetHints":{"allow":["GET"]}}],"collection":[{"href":"https:\/\/www.al.ma.leg.br\/sitealema\/wp-json\/wp\/v2\/pages"}],"about":[{"href":"https:\/\/www.al.ma.leg.br\/sitealema\/wp-json\/wp\/v2\/types\/page"}],"author":[{"embeddable":true,"href":"https:\/\/www.al.ma.leg.br\/sitealema\/wp-json\/wp\/v2\/users\/24"}],"replies":[{"embeddable":true,"href":"https:\/\/www.al.ma.leg.br\/sitealema\/wp-json\/wp\/v2\/comments?post=73407"}],"version-history":[{"count":2,"href":"https:\/\/www.al.ma.leg.br\/sitealema\/wp-json\/wp\/v2\/pages\/73407\/revisions"}],"predecessor-version":[{"id":73445,"href":"https:\/\/www.al.ma.leg.br\/sitealema\/wp-json\/wp\/v2\/pages\/73407\/revisions\/73445"}],"up":[{"embeddable":true,"href":"https:\/\/www.al.ma.leg.br\/sitealema\/wp-json\/wp\/v2\/pages\/73389"}],"wp:featuredmedia":[{"embeddable":true,"href":"https:\/\/www.al.ma.leg.br\/sitealema\/wp-json\/wp\/v2\/media\/73408"}],"wp:attachment":[{"href":"https:\/\/www.al.ma.leg.br\/sitealema\/wp-json\/wp\/v2\/media?parent=73407"}],"curies":[{"name":"wp","href":"https:\/\/api.w.org\/{rel}","templated":true}]}}